{"id":2878,"date":"2016-01-11T12:47:27","date_gmt":"2016-01-11T12:47:27","guid":{"rendered":"https:\/\/clinicarestaure.com.br\/novo\/faq\/"},"modified":"2020-08-06T12:19:42","modified_gmt":"2020-08-06T15:19:42","slug":"faq","status":"publish","type":"page","link":"https:\/\/clinicarestaure.com.br\/?page_id=2878","title":{"rendered":"FAQ"},"content":{"rendered":"<p>[vc_row][vc_column]<h4 class=\"sc_title sc_title_regular margin_top_null margin_bottom_small\"><\/p>\n<h1><span id=\"u65248\">Perguntas<\/span>\u00a0frequentes<\/h1>\n<p><\/h4><div class=\"sc_accordion\" data-active=\"0\"><div class=\"sc_accordion_item odd first\"><h5 class=\"sc_accordion_title\"><span class=\"sc_accordion_icon sc_accordion_icon_closed icon-plus\"><\/span><span class=\"sc_accordion_icon sc_accordion_icon_opened icon-minus\"><\/span>Minha gengiva sangra ao passar fio dental, \u00e9 normal?<\/h5><div class=\"sc_accordion_content\">[vc_column_text]N\u00e3o. O normal \u00e9 escovar, passar fio dental e comer sem ter sangramento gengival. Existem v\u00e1rias causas para o sangramento, por isso, \u00e9 necess\u00e1ria a avalia\u00e7\u00e3o profissional.[\/vc_column_text]<\/div><\/div><div class=\"sc_accordion_item even\"><h5 class=\"sc_accordion_title\"><span class=\"sc_accordion_icon sc_accordion_icon_closed icon-plus\"><\/span><span class=\"sc_accordion_icon sc_accordion_icon_opened icon-minus\"><\/span>Qual a durabilidade de um tratamento odontol\u00f3gico?<\/h5><div class=\"sc_accordion_content\">[vc_column_text]A durabilidade depende do procedimento realizado, dos h\u00e1bitos do paciente (ranger dos dentes, morder caneta, etc.), do consumo de alimentos e bebidas com muito corante, se \u00e9 fumante, entre outros.<\/p>\n<p>Mas o fator mais importante para durabilidade do tratamento s\u00e3o h\u00e1bitos corretos de higiene oral (seguir as orienta\u00e7\u00f5es sobre escova\u00e7\u00e3o e fio dental) e as consultas de manuten\u00e7\u00e3o no cirurgi\u00e3o-dentista.[\/vc_column_text]<\/div><\/div><div id=\"sc_accordion_item_1452607546814_8\" class=\"sc_accordion_item odd\"><h5 class=\"sc_accordion_title\"><span class=\"sc_accordion_icon sc_accordion_icon_closed icon-plus\"><\/span><span class=\"sc_accordion_icon sc_accordion_icon_opened icon-minus\"><\/span>Tenho um dente que ficou bem escuro depois que fiz \u201ctratamento de canal\u201d. O que devo fazer?<\/h5><div class=\"sc_accordion_content\">[vc_column_text]A t\u00e9cnica de clareamento mais indicada \u00e9 o clareamento interno. Realizado no consult\u00f3rio, consiste em colocar um produto dentro do dente para promover o clareamento. Por\u00e9m, a prescri\u00e7\u00e3o do tratamento \u00e9 feita mediante um exame pr\u00e9vio e criterioso do dente em quest\u00e3o para verificar se n\u00e3o h\u00e1 outro tratamento mais indicado, como por exemplo, facetas ou coroas totais.[\/vc_column_text]<\/div><\/div><div id=\"sc_accordion_item_1452607564215_8\" class=\"sc_accordion_item even\"><h5 class=\"sc_accordion_title\"><span class=\"sc_accordion_icon sc_accordion_icon_closed icon-plus\"><\/span><span class=\"sc_accordion_icon sc_accordion_icon_opened icon-minus\"><\/span>O clareamento enfraquece o dente?<\/h5><div class=\"sc_accordion_content\">[vc_column_text]O clareamento, desde que bem indicado e executado, n\u00e3o causa enfraquecimento dos dentes, pois sua a\u00e7\u00e3o restringe-se apenas ao aspecto da colora\u00e7\u00e3o.[\/vc_column_text]<\/div><\/div><div id=\"sc_accordion_item_1452607582970_3\" class=\"sc_accordion_item odd\"><h5 class=\"sc_accordion_title\"><span class=\"sc_accordion_icon sc_accordion_icon_closed icon-plus\"><\/span><span class=\"sc_accordion_icon sc_accordion_icon_opened icon-minus\"><\/span> Qual a vantagem de fazer implante?<\/h5><div class=\"sc_accordion_content\">[vc_column_text]O implante \u00e9 a \u00fanica alternativa prot\u00e9tica que promove a preserva\u00e7\u00e3o do tecido \u00f3sseo. O fato de ser instalado dentro do osso \u00e9 o seu diferencial, pois paralisa o processo de atrofia \u00f3ssea que teve in\u00edcio com a remo\u00e7\u00e3o do dente.[\/vc_column_text]<\/div><\/div><div id=\"sc_accordion_item_1452607588517_0\" class=\"sc_accordion_item even\"><h5 class=\"sc_accordion_title\"><span class=\"sc_accordion_icon sc_accordion_icon_closed icon-plus\"><\/span><span class=\"sc_accordion_icon sc_accordion_icon_opened icon-minus\"><\/span>Perdi meus dentes faz muito tempo, mesmo assim posso fazer implante?<\/h5><div class=\"sc_accordion_content\">[vc_column_text]\u00c9 preciso uma avalia\u00e7\u00e3o pr\u00e9via. Primeiro \u00e9 feito um exame detalhado analisando a condi\u00e7\u00e3o \u00f3ssea, gengival e a harmonia do sorriso com as linhas faciais e solicitado uma tomografia computadorizada (um exame mais preciso para an\u00e1lise de espessura e altura \u00f3ssea). Com todas essas informa\u00e7\u00f5es, \u00e9 realizado um plano de tratamento que poder\u00e1 indicar uma cirurgia de regenera\u00e7\u00e3o \u00f3ssea pr\u00e9via para, posteriormente, instalar os implantes.[\/vc_column_text]<\/div><\/div><div id=\"sc_accordion_item_1452607603444_10\" class=\"sc_accordion_item odd\"><h5 class=\"sc_accordion_title\"><span class=\"sc_accordion_icon sc_accordion_icon_closed icon-plus\"><\/span><span class=\"sc_accordion_icon sc_accordion_icon_opened icon-minus\"><\/span> Vi uma reportagem que mostrava a coloca\u00e7\u00e3o de um pino no osso e, j\u00e1 no outro dia, o paciente estava com dente. Todo mundo pode fazer isso?<\/h5><div class=\"sc_accordion_content\">[vc_column_text]Esta t\u00e9cnica \u00e9 chamada de carga imediata. A evolu\u00e7\u00e3o das t\u00e9cnicas, materiais e dos implantes permitem que, na cirurgia de instala\u00e7\u00e3o do implante, o mesmo seja monitorado e sabe-se com que estabilidade este implante foi instalado. Quando se obt\u00e9m uma alta estabilidade, o implante tem condi\u00e7\u00f5es de suportar uma pr\u00f3tese. Essa t\u00e9cnica, por\u00e9m, n\u00e3o \u00e9 poss\u00edvel para todos os casos.[\/vc_column_text]<\/div><\/div><div id=\"sc_accordion_item_1452607614694_0\" class=\"sc_accordion_item even\"><h5 class=\"sc_accordion_title\"><span class=\"sc_accordion_icon sc_accordion_icon_closed icon-plus\"><\/span><span class=\"sc_accordion_icon sc_accordion_icon_opened icon-minus\"><\/span>Colocar aparelho \u00e9 s\u00f3 para ficar bonito?<\/h5><div class=\"sc_accordion_content\">[vc_column_text]As indica\u00e7\u00f5es para realizar um tratamento ortod\u00f4ntico s\u00e3o, primeiramente, proporcionar um bom alinhamento dos dentes, evitar perdas dent\u00e1rias e proporcionar facilidade para higieniza\u00e7\u00e3o e uma distribui\u00e7\u00e3o equilibrada das for\u00e7as mastigat\u00f3rias. Com o t\u00e9rmino do tratamento, o paciente usufrui tamb\u00e9m do benef\u00edcio est\u00e9tico.[\/vc_column_text]<\/div><\/div><div id=\"sc_accordion_item_1452607625101_0\" class=\"sc_accordion_item odd\"><h5 class=\"sc_accordion_title\"><span class=\"sc_accordion_icon sc_accordion_icon_closed icon-plus\"><\/span><span class=\"sc_accordion_icon sc_accordion_icon_opened icon-minus\"><\/span>Quando est\u00e1 indicado realizar o \u201ctratamento de canal\u201d?<\/h5><div class=\"sc_accordion_content\">[vc_column_text]Quando os tecidos vivos do dente (nervo e vasos sangu\u00edneos) encontram-se inflamados, infeccionados ou quando perderam a vitalidade, em geral por c\u00e1rie ou trauma.[\/vc_column_text]<\/div><\/div><div id=\"sc_accordion_item_1452607634094_3\" class=\"sc_accordion_item even\"><h5 class=\"sc_accordion_title\"><span class=\"sc_accordion_icon sc_accordion_icon_closed icon-plus\"><\/span><span class=\"sc_accordion_icon sc_accordion_icon_opened icon-minus\"><\/span>Por que quando abro e fecho a boca escuto um barulho?<\/h5><div class=\"sc_accordion_content\">[vc_column_text]Na cabe\u00e7a tem uma articula\u00e7\u00e3o chamada articula\u00e7\u00e3o temporomandibular (ATM), que \u00e9 respons\u00e1vel pelos movimentos essenciais na nossa vida, como falar, comer, rir, cantar, etc. Quando ocorre uma altera\u00e7\u00e3o nesta articula\u00e7\u00e3o, um dos primeiros sinais s\u00e3o os \u201cbarulhos\u201d (estalidos), os quais precisam ser examinados afim de que se possa elaborar um plano de tratamento[\/vc_column_text]<\/div><\/div><div id=\"sc_accordion_item_1596725673107_3\" class=\"sc_accordion_item odd\"><h5 class=\"sc_accordion_title\"><span class=\"sc_accordion_icon sc_accordion_icon_closed icon-plus\"><\/span><span class=\"sc_accordion_icon sc_accordion_icon_opened icon-minus\"><\/span> Tenho dores de cabe\u00e7a frequentes, elas podem ter rela\u00e7\u00e3o com os dentes?<\/h5><div class=\"sc_accordion_content\">[vc_column_text]Sim, pois altera\u00e7\u00f5es nos m\u00fasculos mastigat\u00f3rios, na articula\u00e7\u00e3o (ATM) e nos dentes podem causar dores de cabe\u00e7a.[\/vc_column_text]<\/div><\/div><div id=\"sc_accordion_item_1596725712396_3\" class=\"sc_accordion_item even\"><h5 class=\"sc_accordion_title\"><span class=\"sc_accordion_icon sc_accordion_icon_closed icon-plus\"><\/span><span class=\"sc_accordion_icon sc_accordion_icon_opened icon-minus\"><\/span>O que \u00e9 bruxismo?<\/h5><div class=\"sc_accordion_content\">[vc_column_text]\u00c9 uma for\u00e7a exc\u00eantrica gerada no contato dos dentes superiores com os dentes inferiores de forma involunt\u00e1ria. Devido \u00e0 sua intensidade (pode ser at\u00e9 quarto vezes maior que a for\u00e7a alimentar), \u00e9 extremamente prejudicial para dentes e articula\u00e7\u00e3o.[\/vc_column_text]<\/div><\/div><div id=\"sc_accordion_item_1596725750192_9\" class=\"sc_accordion_item odd\"><h5 class=\"sc_accordion_title\"><span class=\"sc_accordion_icon sc_accordion_icon_closed icon-plus\"><\/span><span class=\"sc_accordion_icon sc_accordion_icon_opened icon-minus\"><\/span> Quais os sintomas do bruxismo?<\/h5><div class=\"sc_accordion_content\">[vc_column_text]Barulhos; desgaste dent\u00e1rio; dores na face, cabe\u00e7a e pesco\u00e7o.[\/vc_column_text]<\/div><\/div><div id=\"sc_accordion_item_1596725790752_10\" class=\"sc_accordion_item even\"><h5 class=\"sc_accordion_title\"><span class=\"sc_accordion_icon sc_accordion_icon_closed icon-plus\"><\/span><span class=\"sc_accordion_icon sc_accordion_icon_opened icon-minus\"><\/span>Quais as consequ\u00eancias do bruxismo?<\/h5><div class=\"sc_accordion_content\">[vc_column_text]Pode afetar os dentes, m\u00fasculos ou a articula\u00e7\u00e3o (ATM). Nos dentes, pode gerar dores que levam ao \u201ctratamento de canal\u201d e\/ou um acentuado desgaste. Nos m\u00fasculos pode causar uma sobrecarga a qual d\u00e1 origem aos pontos gatilhos miofaciais (trigger points), os quais d\u00e3o origem a dores referidas, ou seja, em locais diferentes da localiza\u00e7\u00e3o prim\u00e1ria deste ponto. Na articula\u00e7\u00e3o (ATM), o bruxismo causa microtraumas intra-articulares, levando a processos degenerativos \u00f3sseos, como a osteoartrite e a osteoartrose.[\/vc_column_text]<\/div><\/div><\/div>[\/vc_column][\/vc_row]<\/p>\n","protected":false},"excerpt":{"rendered":"<p>[vc_row][vc_column][\/vc_column][\/vc_row]<\/p>\n","protected":false},"author":1,"featured_media":0,"parent":0,"menu_order":0,"comment_status":"closed","ping_status":"closed","template":"","meta":{"spay_email":""},"yst_prominent_words":[],"_links":{"self":[{"href":"https:\/\/clinicarestaure.com.br\/index.php?rest_route=\/wp\/v2\/pages\/2878"}],"collection":[{"href":"https:\/\/clinicarestaure.com.br\/index.php?rest_route=\/wp\/v2\/pages"}],"about":[{"href":"https:\/\/clinicarestaure.com.br\/index.php?rest_route=\/wp\/v2\/types\/page"}],"author":[{"embeddable":true,"href":"https:\/\/clinicarestaure.com.br\/index.php?rest_route=\/wp\/v2\/users\/1"}],"replies":[{"embeddable":true,"href":"https:\/\/clinicarestaure.com.br\/index.php?rest_route=%2Fwp%2Fv2%2Fcomments&post=2878"}],"version-history":[{"count":2,"href":"https:\/\/clinicarestaure.com.br\/index.php?rest_route=\/wp\/v2\/pages\/2878\/revisions"}],"predecessor-version":[{"id":2880,"href":"https:\/\/clinicarestaure.com.br\/index.php?rest_route=\/wp\/v2\/pages\/2878\/revisions\/2880"}],"wp:attachment":[{"href":"https:\/\/clinicarestaure.com.br\/index.php?rest_route=%2Fwp%2Fv2%2Fmedia&parent=2878"}],"wp:term":[{"taxonomy":"yst_prominent_words","embeddable":true,"href":"https:\/\/clinicarestaure.com.br\/index.php?rest_route=%2Fwp%2Fv2%2Fyst_prominent_words&post=2878"}],"curies":[{"name":"wp","href":"https:\/\/api.w.org\/{rel}","templated":true}]}}