{"id":20,"date":"2016-01-11T12:46:51","date_gmt":"2016-01-11T12:46:51","guid":{"rendered":"http:\/\/dentario.themerex.net\/?page_id=20"},"modified":"2020-08-03T23:41:15","modified_gmt":"2020-08-04T02:41:15","slug":"contatos-taguatinga-df","status":"publish","type":"page","link":"https:\/\/clinicarestaure.com.br\/?page_id=20","title":{"rendered":"Contatos"},"content":{"rendered":"<p>[vc_row equal_height=&#8221;yes&#8221;][vc_column]<h2 class=\"sc_title sc_title_regular sc_align_center margin_top_huge margin_bottom_tiny\" style=\"text-align:center;\">Como nos encontrar<\/h2>[vc_empty_space][vc_custom_heading text=&#8221;Endere\u00e7o e Localiza\u00e7\u00e3o&#8221; font_container=&#8221;tag:h3|font_size:15|text_align:center|color:%23c7c7c7&#8243; google_fonts=&#8221;font_family:Merriweather%3A300%2C300italic%2Cregular%2Citalic%2C700%2C700italic%2C900%2C900italic|font_style:400%20regular%3A400%3Anormal&#8221;][vc_empty_space]<div class=\"columns_wrap sc_columns columns_nofluid autoheight sc_columns_count_2\"><div class=\"column-1_2 sc_column_item sc_column_item_1 odd first\" style=\"text-align:center;\"><figure class=\"sc_image  sc_image_shape_square\"><img src=\"https:\/\/clinicarestaure.com.br\/wp-content\/uploads\/2020\/08\/clinica8.jpg\" alt=\"\" \/><\/figure><\/div><div class=\"column-1_2 sc_column_item sc_column_item_2 even\">[vc_column_text el_class=&#8221;contact_custom&#8221; css=&#8221;.vc_custom_1596507779362{padding-top: 3rem !important;padding-bottom: 2rem !important;}&#8221;]<\/p>\n<ul>\n<li class=\"sc_icon icon-location-light\">\n<div class=\"title\">Endere\u00e7o<\/div>\n<p>Csd 3 s\/n LT12 S 103\/104 &#8211; Taguatinga, Bras\u00edlia &#8211; DF, 72020-035<\/li>\n<li class=\"sc_icon icon-mobile-light\">\n<div class=\"title\">Telefone<\/div>\n<p>Atendimento <a href=\"tel:613561-3959\">613561-3959<\/a><\/li>\n<li class=\"sc_icon icon-calendar-light\">\n<div class=\"title\">Hor\u00e1rio de atendimento<\/div>\n<p>Seg &#8211; Sex: 8h00 &#8211; 18h00<\/li>\n<\/ul>\n<p>[\/vc_column_text]<div id=\"contact_form_popup\" class=\"sc_popup mfp-with-anim mfp-hide\"><div role=\"form\" class=\"wpcf7\" id=\"wpcf7-f2568-o1\" lang=\"en-US\" dir=\"ltr\">\n<div class=\"screen-reader-response\"><p role=\"status\" aria-live=\"polite\" aria-atomic=\"true\"><\/p> <ul><\/ul><\/div>\n<form action=\"\/index.php?rest_route=%2Fwp%2Fv2%2Fpages%2F20#wpcf7-f2568-o1\" method=\"post\" class=\"wpcf7-form init\" novalidate=\"novalidate\" data-status=\"init\">\n<div style=\"display: none;\">\n<input type=\"hidden\" name=\"_wpcf7\" value=\"2568\" \/>\n<input type=\"hidden\" name=\"_wpcf7_version\" value=\"5.5.3\" \/>\n<input type=\"hidden\" name=\"_wpcf7_locale\" value=\"en_US\" \/>\n<input type=\"hidden\" name=\"_wpcf7_unit_tag\" value=\"wpcf7-f2568-o1\" \/>\n<input type=\"hidden\" name=\"_wpcf7_container_post\" value=\"0\" \/>\n<input type=\"hidden\" name=\"_wpcf7_posted_data_hash\" value=\"\" \/>\n<\/div>\n<p><span class=\"wpcf7-form-control-wrap your-name\"><input type=\"text\" name=\"your-name\" value=\"\" size=\"40\" class=\"wpcf7-form-control wpcf7-text wpcf7-validates-as-required\" aria-required=\"true\" aria-invalid=\"false\" placeholder=\"Nome*\" \/><\/span><\/p>\n<p><span class=\"wpcf7-form-control-wrap your-email\"><input type=\"text\" name=\"your-email\" value=\"\" size=\"40\" class=\"wpcf7-form-control wpcf7-text wpcf7-validates-as-required\" aria-required=\"true\" aria-invalid=\"false\" placeholder=\"E-mail*\" \/><\/span><\/p>\n<p><span class=\"wpcf7-form-control-wrap your-message\"><textarea name=\"your-message\" cols=\"40\" rows=\"10\" class=\"wpcf7-form-control wpcf7-textarea wpcf7-validates-as-required\" aria-required=\"true\" aria-invalid=\"false\" placeholder=\"Mensagem*\"><\/textarea><\/span><br \/>\n<span class=\"wpcf7-form-control-wrap acceptance-157\"><span class=\"wpcf7-form-control wpcf7-acceptance\"><span class=\"wpcf7-list-item\"><label><input type=\"checkbox\" name=\"acceptance-157\" value=\"1\" aria-invalid=\"false\" \/><span class=\"wpcf7-list-item-label\">Concordo que meus dados enviados est\u00e3o sendo coletados e armazenados.<\/span><\/label><\/span><\/span><\/span><\/p>\n<div class=\"bt\"><input type=\"submit\" value=\"Enviar mensagem\" class=\"wpcf7-form-control has-spinner wpcf7-submit\" \/><\/div>\n<div class=\"wpcf7-response-output\" aria-hidden=\"true\"><\/div><\/form><\/div><\/div><a href=\"#contact_form_popup\" class=\"sc_button sc_button_square sc_button_style_filled sc_button_size_medium aligncenter margin_bottom_medium sc_popup_link\">Use o formul\u00e1rio de contato<\/a>[vc_empty_space height=&#8221;20px&#8221;]<\/div><\/div>[\/vc_column][\/vc_row][vc_row full_width=&#8221;stretch_row_content_no_spaces&#8221;][vc_column]<div id=\"sc_googlemap_1293549119\" class=\"sc_googlemap\" style=\"width:100%;height:572px;\" data-zoom=\"16\" data-style=\"ultra_light\"><iframe src=\"https:\/\/maps.google.com\/maps?t=m&output=embed&iwloc=near&z=16&q=-15.847152,-48.04728\" scrolling=\"no\" marginheight=\"0\" marginwidth=\"0\" frameborder=\"0\"\n                    aria-label=\"Hera Odontologia e est\u00e9tica\"><\/iframe><\/div>[\/vc_column][\/vc_row]<\/p>\n","protected":false},"excerpt":{"rendered":"<p>[vc_row equal_height=&#8221;yes&#8221;][vc_column][vc_empty_space][vc_custom_heading text=&#8221;Endere\u00e7o e Localiza\u00e7\u00e3o&#8221; font_container=&#8221;tag:h3|font_size:15|text_align:center|color:%23c7c7c7&#8243; google_fonts=&#8221;font_family:Merriweather%3A300%2C300italic%2Cregular%2Citalic%2C700%2C700italic%2C900%2C900italic|font_style:400%20regular%3A400%3Anormal&#8221;][vc_empty_space][\/vc_column][\/vc_row][vc_row full_width=&#8221;stretch_row_content_no_spaces&#8221;][vc_column][\/vc_column][\/vc_row]<\/p>\n","protected":false},"author":1,"featured_media":0,"parent":0,"menu_order":0,"comment_status":"closed","ping_status":"closed","template":"","meta":{"spay_email":""},"yst_prominent_words":[],"_links":{"self":[{"href":"https:\/\/clinicarestaure.com.br\/index.php?rest_route=\/wp\/v2\/pages\/20"}],"collection":[{"href":"https:\/\/clinicarestaure.com.br\/index.php?rest_route=\/wp\/v2\/pages"}],"about":[{"href":"https:\/\/clinicarestaure.com.br\/index.php?rest_route=\/wp\/v2\/types\/page"}],"author":[{"embeddable":true,"href":"https:\/\/clinicarestaure.com.br\/index.php?rest_route=\/wp\/v2\/users\/1"}],"replies":[{"embeddable":true,"href":"https:\/\/clinicarestaure.com.br\/index.php?rest_route=%2Fwp%2Fv2%2Fcomments&post=20"}],"version-history":[{"count":18,"href":"https:\/\/clinicarestaure.com.br\/index.php?rest_route=\/wp\/v2\/pages\/20\/revisions"}],"predecessor-version":[{"id":2858,"href":"https:\/\/clinicarestaure.com.br\/index.php?rest_route=\/wp\/v2\/pages\/20\/revisions\/2858"}],"wp:attachment":[{"href":"https:\/\/clinicarestaure.com.br\/index.php?rest_route=%2Fwp%2Fv2%2Fmedia&parent=20"}],"wp:term":[{"taxonomy":"yst_prominent_words","embeddable":true,"href":"https:\/\/clinicarestaure.com.br\/index.php?rest_route=%2Fwp%2Fv2%2Fyst_prominent_words&post=20"}],"curies":[{"name":"wp","href":"https:\/\/api.w.org\/{rel}","templated":true}]}}