{"id":19,"date":"2016-01-11T12:46:32","date_gmt":"2016-01-11T12:46:32","guid":{"rendered":"http:\/\/dentario.themerex.net\/?page_id=19"},"modified":"2020-08-03T22:44:10","modified_gmt":"2020-08-04T01:44:10","slug":"tratamentos","status":"publish","type":"page","link":"https:\/\/clinicarestaure.com.br\/?page_id=19","title":{"rendered":"Tratamentos"},"content":{"rendered":"<p>[vc_row][vc_column][vc_empty_space height=&#8221;90px&#8221;]<div id=\"sc_services_2030410070_wrap\" class=\"sc_services_wrap\"><div id=\"sc_services_2030410070\" class=\"sc_services sc_services_style_services-1 sc_services_type_icons  margin_top_null margin_bottom_large\" style=\"width:100%;\"><div class=\"sc_columns columns_wrap\"><div class=\"column-1_3 column_padding_bottom\">\t\t\t<div id=\"sc_services_2030410070_1\"\t\t\t\tclass=\"sc_services_item sc_services_item_1 odd first\"\n\t\t\t\t>\n\t\t\t\t<a href=\"https:\/\/clinicarestaure.com.br\/?services=enxertos-osseos\"><span class=\"sc_icon icon-medic-3\"><\/span><\/a>\t\t\t\t<div class=\"sc_services_item_content\">\n\t\t\t\t\t<h4 class=\"sc_services_item_title\"><a href=\"https:\/\/clinicarestaure.com.br\/?services=enxertos-osseos\">Enxertos \u00d3sseos<\/a><\/h4>\n\t\t\t\t\t<div class=\"sc_services_item_description\">\n\t\t\t\t\t\t<p>Seu sorriso mais branco com esse tratamento.<\/p><a href=\"https:\/\/clinicarestaure.com.br\/?services=enxertos-osseos\" class=\"sc_services_item_readmore\">Nenhum<span class=\"icon-right\"><\/span><\/a>\t\t\t\t\t<\/div>\n\t\t\t\t<\/div>\n\t\t\t<\/div>\n\t\t<\/div><div class=\"column-1_3 column_padding_bottom\">\t\t\t<div id=\"sc_services_2030410070_2\"\t\t\t\tclass=\"sc_services_item sc_services_item_2 even\"\n\t\t\t\t>\n\t\t\t\t<a href=\"https:\/\/clinicarestaure.com.br\/?services=facetas-de-porcelana-e-lentes-de-contatos\"><span class=\"sc_icon icon-medic-3\"><\/span><\/a>\t\t\t\t<div class=\"sc_services_item_content\">\n\t\t\t\t\t<h4 class=\"sc_services_item_title\"><a href=\"https:\/\/clinicarestaure.com.br\/?services=facetas-de-porcelana-e-lentes-de-contatos\">Facetas de Porcelana e Lentes de Contatos<\/a><\/h4>\n\t\t\t\t\t<div class=\"sc_services_item_description\">\n\t\t\t\t\t\t<p>Seu sorriso mais branco com esse tratamento.<\/p><a href=\"https:\/\/clinicarestaure.com.br\/?services=facetas-de-porcelana-e-lentes-de-contatos\" class=\"sc_services_item_readmore\">Nenhum<span class=\"icon-right\"><\/span><\/a>\t\t\t\t\t<\/div>\n\t\t\t\t<\/div>\n\t\t\t<\/div>\n\t\t<\/div><div class=\"column-1_3 column_padding_bottom\">\t\t\t<div id=\"sc_services_2030410070_3\"\t\t\t\tclass=\"sc_services_item sc_services_item_3 odd\"\n\t\t\t\t>\n\t\t\t\t<a href=\"https:\/\/clinicarestaure.com.br\/?services=implantes-com-carga-imediata\"><span class=\"sc_icon icon-medic-1\"><\/span><\/a>\t\t\t\t<div class=\"sc_services_item_content\">\n\t\t\t\t\t<h4 class=\"sc_services_item_title\"><a href=\"https:\/\/clinicarestaure.com.br\/?services=implantes-com-carga-imediata\">Implantes com Carga Imediata<\/a><\/h4>\n\t\t\t\t\t<div class=\"sc_services_item_description\">\n\t\t\t\t\t\t<p>Implante dent\u00e1rio com qualidade e aten\u00e7\u00e3o para as necessidades de cada paciente.<\/p><a href=\"https:\/\/clinicarestaure.com.br\/?services=implantes-com-carga-imediata\" class=\"sc_services_item_readmore\">Nenhum<span class=\"icon-right\"><\/span><\/a>\t\t\t\t\t<\/div>\n\t\t\t\t<\/div>\n\t\t\t<\/div>\n\t\t<\/div><div class=\"column-1_3 column_padding_bottom\">\t\t\t<div id=\"sc_services_2030410070_4\"\t\t\t\tclass=\"sc_services_item sc_services_item_4 even\"\n\t\t\t\t>\n\t\t\t\t<a href=\"https:\/\/clinicarestaure.com.br\/?services=cirurgias-de-extracao-dentaria\"><span class=\"sc_icon icon-medic-3\"><\/span><\/a>\t\t\t\t<div class=\"sc_services_item_content\">\n\t\t\t\t\t<h4 class=\"sc_services_item_title\"><a href=\"https:\/\/clinicarestaure.com.br\/?services=cirurgias-de-extracao-dentaria\">Cirurgias de extra\u00e7\u00e3o dent\u00e1ria<\/a><\/h4>\n\t\t\t\t\t<div class=\"sc_services_item_description\">\n\t\t\t\t\t\t<p>Seu Siso est\u00e1 incomodando ? Agende uma consulta conosco!<\/p><a href=\"https:\/\/clinicarestaure.com.br\/?services=cirurgias-de-extracao-dentaria\" class=\"sc_services_item_readmore\">Nenhum<span class=\"icon-right\"><\/span><\/a>\t\t\t\t\t<\/div>\n\t\t\t\t<\/div>\n\t\t\t<\/div>\n\t\t<\/div><div class=\"column-1_3 column_padding_bottom\">\t\t\t<div id=\"sc_services_2030410070_5\"\t\t\t\tclass=\"sc_services_item sc_services_item_5 odd\"\n\t\t\t\t>\n\t\t\t\t<a href=\"https:\/\/clinicarestaure.com.br\/?services=dtm\"><span class=\"sc_icon icon-medic-12\"><\/span><\/a>\t\t\t\t<div class=\"sc_services_item_content\">\n\t\t\t\t\t<h4 class=\"sc_services_item_title\"><a href=\"https:\/\/clinicarestaure.com.br\/?services=dtm\">DTM<\/a><\/h4>\n\t\t\t\t\t<div class=\"sc_services_item_description\">\n\t\t\t\t\t\t<p>N\u00e3o tem cura, mas pode ser tratada e controlada.<\/p><a href=\"https:\/\/clinicarestaure.com.br\/?services=dtm\" class=\"sc_services_item_readmore\">Nenhum<span class=\"icon-right\"><\/span><\/a>\t\t\t\t\t<\/div>\n\t\t\t\t<\/div>\n\t\t\t<\/div>\n\t\t<\/div><div class=\"column-1_3 column_padding_bottom\">\t\t\t<div id=\"sc_services_2030410070_6\"\t\t\t\tclass=\"sc_services_item sc_services_item_6 even\"\n\t\t\t\t>\n\t\t\t\t<a href=\"https:\/\/clinicarestaure.com.br\/?services=ortodontia\"><span class=\"sc_icon icon-medic-8\"><\/span><\/a>\t\t\t\t<div class=\"sc_services_item_content\">\n\t\t\t\t\t<h4 class=\"sc_services_item_title\"><a href=\"https:\/\/clinicarestaure.com.br\/?services=ortodontia\">Ortodontia<\/a><\/h4>\n\t\t\t\t\t<div class=\"sc_services_item_description\">\n\t\t\t\t\t\t<p>Conhe\u00e7a mais sobre os nossos tratamentos completos de ortodontia.<\/p><a href=\"https:\/\/clinicarestaure.com.br\/?services=ortodontia\" class=\"sc_services_item_readmore\">Nenhum<span class=\"icon-right\"><\/span><\/a>\t\t\t\t\t<\/div>\n\t\t\t\t<\/div>\n\t\t\t<\/div>\n\t\t<\/div><\/div><\/div><!-- \/.sc_services --><\/div><!-- \/.sc_services_wrap -->[vc_empty_space height=&#8221;90px&#8221;][\/vc_column][\/vc_row][vc_row full_width=&#8221;stretch_row&#8221; css=&#8221;.vc_custom_1596505275007{background-image: url(https:\/\/clinicarestaure.com.br\/novo\/wp-content\/uploads\/2020\/08\/info-block-3-1-1.jpg?id=2840) !important;background-position: center !important;background-repeat: no-repeat !important;background-size: cover !important;}&#8221;][vc_column]<div class=\"columns_wrap sc_columns columns_nofluid sc_columns_count_2\"><div class=\"column-1_2 sc_column_item sc_column_item_1 odd first\"><div class=\"sc_section margin_top_huge margin_bottom_huge\"><div class=\"sc_section_inner\"><h3 class=\"sc_title sc_title_regular\">Eliminamos a inconveni\u00eancia<br \/>\nde v\u00e1rias consultas<\/h3><ul class=\"sc_list sc_list_style_iconed\"><\/ul><a href=\"#\" class=\"sc_button sc_button_square sc_button_style_filled sc_button_size_medium\" style=\"background-color:#194881; border-color:#194881;\">Mais sobre n\u00f3s<\/a><\/div><\/div><\/div><\/div>[\/vc_column][\/vc_row]<\/p>\n","protected":false},"excerpt":{"rendered":"<p>[vc_row][vc_column][vc_empty_space height=&#8221;90px&#8221;][vc_empty_space height=&#8221;90px&#8221;][\/vc_column][\/vc_row][vc_row full_width=&#8221;stretch_row&#8221; css=&#8221;.vc_custom_1596505275007{background-image: url(https:\/\/clinicarestaure.com.br\/novo\/wp-content\/uploads\/2020\/08\/info-block-3-1-1.jpg?id=2840) !important;background-position: center !important;background-repeat: no-repeat !important;background-size: cover !important;}&#8221;][vc_column][\/vc_column][\/vc_row]<\/p>\n","protected":false},"author":1,"featured_media":0,"parent":0,"menu_order":0,"comment_status":"closed","ping_status":"closed","template":"","meta":{"spay_email":""},"yst_prominent_words":[],"_links":{"self":[{"href":"https:\/\/clinicarestaure.com.br\/index.php?rest_route=\/wp\/v2\/pages\/19"}],"collection":[{"href":"https:\/\/clinicarestaure.com.br\/index.php?rest_route=\/wp\/v2\/pages"}],"about":[{"href":"https:\/\/clinicarestaure.com.br\/index.php?rest_route=\/wp\/v2\/types\/page"}],"author":[{"embeddable":true,"href":"https:\/\/clinicarestaure.com.br\/index.php?rest_route=\/wp\/v2\/users\/1"}],"replies":[{"embeddable":true,"href":"https:\/\/clinicarestaure.com.br\/index.php?rest_route=%2Fwp%2Fv2%2Fcomments&post=19"}],"version-history":[{"count":19,"href":"https:\/\/clinicarestaure.com.br\/index.php?rest_route=\/wp\/v2\/pages\/19\/revisions"}],"predecessor-version":[{"id":2842,"href":"https:\/\/clinicarestaure.com.br\/index.php?rest_route=\/wp\/v2\/pages\/19\/revisions\/2842"}],"wp:attachment":[{"href":"https:\/\/clinicarestaure.com.br\/index.php?rest_route=%2Fwp%2Fv2%2Fmedia&parent=19"}],"wp:term":[{"taxonomy":"yst_prominent_words","embeddable":true,"href":"https:\/\/clinicarestaure.com.br\/index.php?rest_route=%2Fwp%2Fv2%2Fyst_prominent_words&post=19"}],"curies":[{"name":"wp","href":"https:\/\/api.w.org\/{rel}","templated":true}]}}